{"id":98,"date":"2024-04-10T15:04:05","date_gmt":"2024-04-10T15:04:05","guid":{"rendered":"https:\/\/pitaxi.hu\/shop1\/?post_type=product&#038;p=98"},"modified":"2024-04-10T15:05:17","modified_gmt":"2024-04-10T15:05:17","slug":"1-6-hdi","status":"publish","type":"product","link":"https:\/\/pitaxi.hu\/shop1\/product\/1-6-hdi\/","title":{"rendered":"1.6 HDI"},"content":{"rendered":"<p><span style=\"vertical-align: inherit;\"><span style=\"vertical-align: inherit;\"><span style=\"vertical-align: inherit;\"><span style=\"vertical-align: inherit;\">115000 KM HXCC motor k\u00f3d<\/span><\/span><\/span><\/span><\/p>\n<p><span style=\"vertical-align: inherit;\"><span style=\"vertical-align: inherit;\"><span style=\"vertical-align: inherit;\"><span style=\"vertical-align: inherit;\">\u00c9T garancia<\/span><\/span><\/span><\/span><\/p>\n","protected":false},"excerpt":{"rendered":"<p><span style=\"vertical-align: inherit;\"><span style=\"vertical-align: inherit;\"><span style=\"vertical-align: inherit;\"><span style=\"vertical-align: inherit;\">Vid\u00e9ki gokartb\u00f3l, megk\u00edm\u00e9lt \u00e1llapotban.<\/span><\/span><\/span><\/span><\/p>\n","protected":false},"featured_media":96,"comment_status":"open","ping_status":"closed","template":"","meta":{"neve_meta_sidebar":"","neve_meta_container":"","neve_meta_enable_content_width":"off","neve_meta_content_width":100,"neve_meta_title_alignment":"","neve_meta_author_avatar":"","neve_post_elements_order":"","neve_meta_disable_header":"","neve_meta_disable_footer":"","neve_meta_disable_title":"","_ti_tpc_template_sync":false,"_ti_tpc_template_id":""},"product_cat":[15,21],"product_tag":[],"_links":{"self":[{"href":"https:\/\/pitaxi.hu\/shop1\/wp-json\/wp\/v2\/product\/98"}],"collection":[{"href":"https:\/\/pitaxi.hu\/shop1\/wp-json\/wp\/v2\/product"}],"about":[{"href":"https:\/\/pitaxi.hu\/shop1\/wp-json\/wp\/v2\/types\/product"}],"replies":[{"embeddable":true,"href":"https:\/\/pitaxi.hu\/shop1\/wp-json\/wp\/v2\/comments?post=98"}],"wp:featuredmedia":[{"embeddable":true,"href":"https:\/\/pitaxi.hu\/shop1\/wp-json\/wp\/v2\/media\/96"}],"wp:attachment":[{"href":"https:\/\/pitaxi.hu\/shop1\/wp-json\/wp\/v2\/media?parent=98"}],"wp:term":[{"taxonomy":"product_cat","embeddable":true,"href":"https:\/\/pitaxi.hu\/shop1\/wp-json\/wp\/v2\/product_cat?post=98"},{"taxonomy":"product_tag","embeddable":true,"href":"https:\/\/pitaxi.hu\/shop1\/wp-json\/wp\/v2\/product_tag?post=98"}],"curies":[{"name":"wp","href":"https:\/\/api.w.org\/{rel}","templated":true}]}}